{"id":11471,"date":"2025-07-30T15:59:21","date_gmt":"2025-07-30T18:59:21","guid":{"rendered":"https:\/\/fcm-principal-site-hnbhb3c8czgzb8fr.westus2-01.azurewebsites.net\/?page_id=11471"},"modified":"2025-08-06T08:50:27","modified_gmt":"2025-08-06T11:50:27","slug":"fcm-law-lp-ebook","status":"publish","type":"page","link":"https:\/\/fcm.law\/en\/fcm-law-lp-ebook\/","title":{"rendered":"FCM.Law &#8211; LP Ebook"},"content":{"rendered":"<div data-elementor-type=\"wp-page\" data-elementor-id=\"11471\" class=\"elementor elementor-11471\">\n\t\t\t\t<div class=\"elementor-element elementor-element-dcc63be e-flex e-con-boxed e-con e-parent\" data-id=\"dcc63be\" data-element_type=\"container\" data-settings=\"{&quot;background_background&quot;:&quot;classic&quot;}\">\n\t\t\t\t\t<div class=\"e-con-inner\">\n\t\t\t\t<div class=\"elementor-element elementor-element-2f16c86 elementor-absolute elementor-widget elementor-widget-image\" data-id=\"2f16c86\" data-element_type=\"widget\" data-settings=\"{&quot;_position&quot;:&quot;absolute&quot;}\" data-widget_type=\"image.default\">\n\t\t\t\t<div class=\"elementor-widget-container\">\n\t\t\t\t\t\t\t\t\t\t\t\t\t\t\t<img fetchpriority=\"high\" decoding=\"async\" width=\"494\" height=\"441\" src=\"\/wp-content\/uploads\/2025\/07\/Object-1.png\" class=\"attachment-large size-large wp-image-11498\" alt=\"\" srcset=\"\/wp-content\/uploads\/2025\/07\/Object-1.png 494w, \/wp-content\/uploads\/2025\/07\/Object-1-300x268.png 300w\" sizes=\"(max-width: 494px) 100vw, 494px\" \/>\t\t\t\t\t\t\t\t\t\t\t\t\t\t\t<\/div>\n\t\t\t\t<\/div>\n\t\t<div class=\"elementor-element elementor-element-36863ae e-con-full about-area5 e-flex e-con e-child\" data-id=\"36863ae\" data-element_type=\"container\" data-settings=\"{&quot;background_background&quot;:&quot;gradient&quot;}\">\n\t\t<div class=\"elementor-element elementor-element-e7f0a01 e-con-full e-flex e-con e-child\" data-id=\"e7f0a01\" data-element_type=\"container\">\n\t\t<div class=\"elementor-element elementor-element-af0b71f e-grid e-con-full e-con e-child\" data-id=\"af0b71f\" data-element_type=\"container\">\n\t\t<div class=\"elementor-element elementor-element-49da7c7 e-con-full e-flex e-con e-child\" data-id=\"49da7c7\" data-element_type=\"container\">\n\t\t\t\t<div class=\"elementor-element elementor-element-d4ba1c3 elementor-widget elementor-widget-image\" data-id=\"d4ba1c3\" data-element_type=\"widget\" data-widget_type=\"image.default\">\n\t\t\t\t<div class=\"elementor-widget-container\">\n\t\t\t\t\t\t\t\t\t\t\t\t\t\t\t<img decoding=\"async\" src=\"\/wp-content\/uploads\/elementor\/thumbs\/Logotipo-principal-vermelho-com-tagline-r9jbr6r37r8dhyqwinkfr82pkpp16eq7vpitqbj204.png\" title=\"Logotipo principal vermelho com tagline\" alt=\"Logotipo principal vermelho com tagline\" loading=\"lazy\" \/>\t\t\t\t\t\t\t\t\t\t\t\t\t\t\t<\/div>\n\t\t\t\t<\/div>\n\t\t\t\t<div class=\"elementor-element elementor-element-10f8818 elementor-widget__width-initial elementor-widget elementor-widget-webtecksectiontitle\" data-id=\"10f8818\" data-element_type=\"widget\" data-widget_type=\"webtecksectiontitle.default\">\n\t\t\t\t<div class=\"elementor-widget-container\">\n\t\t\t\t\t<div class=\"title-area mb-25\" ><span class=\"sub-title style1 subtitle-selector\">LAN\u00c7AMENTO<\/span><h2 class=\"sec-title mb-20  title-selector\">Saiba como a Regula\u00e7\u00e3o Brasileira est\u00e1 transformando o Mercado de Criptoativos<\/h2><p class=\"desc-selector\"><b>E-book Guia B\u00e1sico de Criptoativos no Brasil: <\/b>Aspectos Negociais Jur\u00eddicos e Regulat\u00f3rios<\/p><\/div>\t\t\t\t<\/div>\n\t\t\t\t<\/div>\n\t\t\t\t<\/div>\n\t\t\t\t<div class=\"elementor-element elementor-element-ec35635 elementor-widget elementor-widget-image\" data-id=\"ec35635\" data-element_type=\"widget\" data-widget_type=\"image.default\">\n\t\t\t\t<div class=\"elementor-widget-container\">\n\t\t\t\t\t\t\t\t\t\t\t\t\t\t\t<img decoding=\"async\" src=\"\/wp-content\/uploads\/2025\/07\/PC.png\" title=\"PC\" alt=\"PC\" loading=\"lazy\" \/>\t\t\t\t\t\t\t\t\t\t\t\t\t\t\t<\/div>\n\t\t\t\t<\/div>\n\t\t\t\t<\/div>\n\t\t<div class=\"elementor-element elementor-element-9904be8 e-grid e-con-full e-con e-child\" data-id=\"9904be8\" data-element_type=\"container\">\n\t\t<div class=\"elementor-element elementor-element-654a9dc e-con-full e-flex e-con e-child\" data-id=\"654a9dc\" data-element_type=\"container\">\n\t\t<div class=\"elementor-element elementor-element-7d0ea61 e-grid e-con-full elementor-hidden-desktop elementor-hidden-tablet e-con e-child\" data-id=\"7d0ea61\" data-element_type=\"container\">\n\t\t\t\t<div class=\"elementor-element elementor-element-d37d53e elementor-widget elementor-widget-image\" data-id=\"d37d53e\" data-element_type=\"widget\" data-widget_type=\"image.default\">\n\t\t\t\t<div class=\"elementor-widget-container\">\n\t\t\t\t\t\t\t\t\t\t\t\t\t\t\t<img decoding=\"async\" width=\"900\" height=\"900\" src=\"\/wp-content\/uploads\/2025\/07\/Gabriel-Lobato-e1754412427222.png\" class=\"attachment-full size-full wp-image-11491\" alt=\"\" \/>\t\t\t\t\t\t\t\t\t\t\t\t\t\t\t<\/div>\n\t\t\t\t<\/div>\n\t\t\t\t<div class=\"elementor-element elementor-element-b3e3f77 elementor-widget elementor-widget-image\" data-id=\"b3e3f77\" data-element_type=\"widget\" data-widget_type=\"image.default\">\n\t\t\t\t<div class=\"elementor-widget-container\">\n\t\t\t\t\t\t\t\t\t\t\t\t\t\t\t<img decoding=\"async\" width=\"1024\" height=\"1024\" src=\"\/wp-content\/uploads\/2025\/07\/Fabio-Cendao.png\" class=\"attachment-full size-full wp-image-11492\" alt=\"\" \/>\t\t\t\t\t\t\t\t\t\t\t\t\t\t\t<\/div>\n\t\t\t\t<\/div>\n\t\t\t\t<div class=\"elementor-element elementor-element-88675b2 elementor-widget elementor-widget-webtecksectiontitle\" data-id=\"88675b2\" data-element_type=\"widget\" data-widget_type=\"webtecksectiontitle.default\">\n\t\t\t\t<div class=\"elementor-widget-container\">\n\t\t\t\t\t<div class=\"title-area mb-25\" ><span class=\"sub-title style1 subtitle-selector\">ELABORADO POR<\/span><h2 class=\"sec-title mb-20  title-selector\">Gabriel Lobato<\/h2><p class=\"desc-selector\">Advogado especialista em Compliance &amp; Crypto no FCM Law<\/p><\/div>\t\t\t\t<\/div>\n\t\t\t\t<\/div>\n\t\t\t\t<div class=\"elementor-element elementor-element-8299efe elementor-widget elementor-widget-webtecksectiontitle\" data-id=\"8299efe\" data-element_type=\"widget\" data-widget_type=\"webtecksectiontitle.default\">\n\t\t\t\t<div class=\"elementor-widget-container\">\n\t\t\t\t\t<div class=\"title-area mb-25\" ><span class=\"sub-title style1 subtitle-selector\">REVISADO POR<\/span><h2 class=\"sec-title mb-20  title-selector\">Fabio Cend\u00e3o<\/h2><p class=\"desc-selector\">S\u00f3cio fundador do FCM Law e da Legalhack<\/p><\/div>\t\t\t\t<\/div>\n\t\t\t\t<\/div>\n\t\t\t\t<\/div>\n\t\t\t\t<\/div>\n\t\t\t\t<\/div>\n\t\t<div class=\"elementor-element elementor-element-78e4b80 e-grid e-con-full elementor-hidden-mobile e-con e-child\" data-id=\"78e4b80\" data-element_type=\"container\">\n\t\t<div class=\"elementor-element elementor-element-266e71d e-con-full e-flex e-con e-child\" data-id=\"266e71d\" data-element_type=\"container\">\n\t\t<div class=\"elementor-element elementor-element-661e887 e-grid e-con-full e-con e-child\" data-id=\"661e887\" data-element_type=\"container\">\n\t\t\t\t<div class=\"elementor-element elementor-element-379caae elementor-widget elementor-widget-image\" data-id=\"379caae\" data-element_type=\"widget\" data-widget_type=\"image.default\">\n\t\t\t\t<div class=\"elementor-widget-container\">\n\t\t\t\t\t\t\t\t\t\t\t\t\t\t\t<img loading=\"lazy\" decoding=\"async\" width=\"749\" height=\"749\" src=\"\/wp-content\/uploads\/2025\/08\/Gabriel-Lobato.png\" class=\"attachment-full size-full wp-image-11709\" alt=\"\" srcset=\"\/wp-content\/uploads\/2025\/08\/Gabriel-Lobato.png 749w, \/wp-content\/uploads\/2025\/08\/Gabriel-Lobato-300x300.png 300w, \/wp-content\/uploads\/2025\/08\/Gabriel-Lobato-150x150.png 150w, \/wp-content\/uploads\/2025\/08\/Gabriel-Lobato-80x80.png 80w, \/wp-content\/uploads\/2025\/08\/Gabriel-Lobato-140x140.png 140w\" sizes=\"(max-width: 749px) 100vw, 749px\" \/>\t\t\t\t\t\t\t\t\t\t\t\t\t\t\t<\/div>\n\t\t\t\t<\/div>\n\t\t\t\t<div class=\"elementor-element elementor-element-04d49a6 elementor-widget elementor-widget-webtecksectiontitle\" data-id=\"04d49a6\" data-element_type=\"widget\" data-widget_type=\"webtecksectiontitle.default\">\n\t\t\t\t<div class=\"elementor-widget-container\">\n\t\t\t\t\t<div class=\"title-area mb-25\" ><span class=\"sub-title style1 subtitle-selector\">ELABORADO POR<\/span><h2 class=\"sec-title mb-20  title-selector\">Gabriel Lobato<\/h2><p class=\"desc-selector\">Advogado especialista em Compliance &amp; Crypto no FCM Law<\/p><\/div>\t\t\t\t<\/div>\n\t\t\t\t<\/div>\n\t\t\t\t<div class=\"elementor-element elementor-element-51dbd60 elementor-hidden-mobile elementor-widget elementor-widget-image\" data-id=\"51dbd60\" data-element_type=\"widget\" data-widget_type=\"image.default\">\n\t\t\t\t<div class=\"elementor-widget-container\">\n\t\t\t\t\t\t\t\t\t\t\t\t\t\t\t<img loading=\"lazy\" decoding=\"async\" width=\"750\" height=\"749\" src=\"\/wp-content\/uploads\/2025\/08\/Fabio-Cendao.png\" class=\"attachment-full size-full wp-image-11710\" alt=\"\" srcset=\"\/wp-content\/uploads\/2025\/08\/Fabio-Cendao.png 750w, \/wp-content\/uploads\/2025\/08\/Fabio-Cendao-300x300.png 300w, \/wp-content\/uploads\/2025\/08\/Fabio-Cendao-150x150.png 150w, \/wp-content\/uploads\/2025\/08\/Fabio-Cendao-80x80.png 80w, \/wp-content\/uploads\/2025\/08\/Fabio-Cendao-140x140.png 140w\" sizes=\"(max-width: 750px) 100vw, 750px\" \/>\t\t\t\t\t\t\t\t\t\t\t\t\t\t\t<\/div>\n\t\t\t\t<\/div>\n\t\t\t\t<div class=\"elementor-element elementor-element-64e52c0 elementor-widget elementor-widget-webtecksectiontitle\" data-id=\"64e52c0\" data-element_type=\"widget\" data-widget_type=\"webtecksectiontitle.default\">\n\t\t\t\t<div class=\"elementor-widget-container\">\n\t\t\t\t\t<div class=\"title-area mb-25\" ><span class=\"sub-title style1 subtitle-selector\">REVISADO POR<\/span><h2 class=\"sec-title mb-20  title-selector\">Fabio Cend\u00e3o<\/h2><p class=\"desc-selector\">S\u00f3cio fundador do FCM Law e da Legalhack<\/p><\/div>\t\t\t\t<\/div>\n\t\t\t\t<\/div>\n\t\t\t\t<\/div>\n\t\t\t\t<\/div>\n\t\t\t\t<\/div>\n\t\t\t\t<\/div>\n\t\t\t\t<\/div>\n\t\t\t\t\t<\/div>\n\t\t\t\t<\/div>\n\t\t<div class=\"elementor-element elementor-element-c031797 e-flex e-con-boxed e-con e-parent\" data-id=\"c031797\" data-element_type=\"container\" data-settings=\"{&quot;background_background&quot;:&quot;classic&quot;}\">\n\t\t\t\t\t<div class=\"e-con-inner\">\n\t\t\t\t<div class=\"elementor-element elementor-element-c3cce58 elementor-absolute elementor-widget elementor-widget-image\" data-id=\"c3cce58\" data-element_type=\"widget\" data-settings=\"{&quot;_position&quot;:&quot;absolute&quot;}\" data-widget_type=\"image.default\">\n\t\t\t\t<div class=\"elementor-widget-container\">\n\t\t\t\t\t\t\t\t\t\t\t\t\t\t\t<img loading=\"lazy\" decoding=\"async\" width=\"388\" height=\"711\" src=\"\/wp-content\/uploads\/2025\/07\/Object.png\" class=\"attachment-large size-large wp-image-11496\" alt=\"\" srcset=\"\/wp-content\/uploads\/2025\/07\/Object.png 388w, \/wp-content\/uploads\/2025\/07\/Object-164x300.png 164w\" sizes=\"(max-width: 388px) 100vw, 388px\" \/>\t\t\t\t\t\t\t\t\t\t\t\t\t\t\t<\/div>\n\t\t\t\t<\/div>\n\t\t<div class=\"elementor-element elementor-element-56ab259 e-con-full elementor-hidden-mobile e-flex e-con e-child\" data-id=\"56ab259\" data-element_type=\"container\">\n\t\t\t\t<div class=\"elementor-element elementor-element-f265001 elementor-widget elementor-widget-image\" data-id=\"f265001\" data-element_type=\"widget\" data-widget_type=\"image.default\">\n\t\t\t\t<div class=\"elementor-widget-container\">\n\t\t\t\t\t\t\t\t\t\t\t\t\t\t\t<img loading=\"lazy\" decoding=\"async\" width=\"751\" height=\"501\" src=\"\/wp-content\/uploads\/2025\/07\/mockup-2-1-1024x683.png\" class=\"attachment-large size-large wp-image-11476\" alt=\"\" srcset=\"\/wp-content\/uploads\/2025\/07\/mockup-2-1-1024x683.png 1024w, \/wp-content\/uploads\/2025\/07\/mockup-2-1-300x200.png 300w, \/wp-content\/uploads\/2025\/07\/mockup-2-1-768x512.png 768w, \/wp-content\/uploads\/2025\/07\/mockup-2-1-1536x1024.png 1536w, \/wp-content\/uploads\/2025\/07\/mockup-2-1-2048x1366.png 2048w\" sizes=\"(max-width: 751px) 100vw, 751px\" \/>\t\t\t\t\t\t\t\t\t\t\t\t\t\t\t<\/div>\n\t\t\t\t<\/div>\n\t\t\t\t<\/div>\n\t\t<div class=\"elementor-element elementor-element-6b2d65f e-con-full e-flex e-con e-child\" data-id=\"6b2d65f\" data-element_type=\"container\">\n\t\t\t\t<div class=\"elementor-element elementor-element-ead0f58 elementor-widget__width-initial elementor-widget elementor-widget-webtecksectiontitle\" data-id=\"ead0f58\" data-element_type=\"widget\" data-widget_type=\"webtecksectiontitle.default\">\n\t\t\t\t<div class=\"elementor-widget-container\">\n\t\t\t\t\t<div class=\"title-area\" ><span class=\"sub-title style1 subtitle-selector\">t\u00f3picos abordados<\/span><h2 class=\"sec-title  title-selector\">Confira os temas que voc\u00ea vai encontrar no e-book<\/h2><\/div>\t\t\t\t<\/div>\n\t\t\t\t<\/div>\n\t\t<div class=\"elementor-element elementor-element-874d2fc e-grid e-con-full e-con e-child\" data-id=\"874d2fc\" data-element_type=\"container\">\n\t\t\t\t<div class=\"elementor-element elementor-element-1056ab3 elementor-position-left elementor-vertical-align-middle elementor-mobile-position-left elementor-view-default elementor-widget elementor-widget-icon-box\" data-id=\"1056ab3\" data-element_type=\"widget\" data-widget_type=\"icon-box.default\">\n\t\t\t\t<div class=\"elementor-widget-container\">\n\t\t\t\t\t\t\t<div class=\"elementor-icon-box-wrapper\">\n\n\t\t\t\t\t\t<div class=\"elementor-icon-box-icon\">\n\t\t\t\t<span  class=\"elementor-icon\">\n\t\t\t\t<i aria-hidden=\"true\" class=\"fas fa-check-circle\"><\/i>\t\t\t\t<\/span>\n\t\t\t<\/div>\n\t\t\t\n\t\t\t\t\t\t<div class=\"elementor-icon-box-content\">\n\n\t\t\t\t\n\t\t\t\t\t\t\t\t\t<p class=\"elementor-icon-box-description\">\n\t\t\t\t\t\tNatureza e Funcionalidade\ndos Tokens\t\t\t\t\t<\/p>\n\t\t\t\t\n\t\t\t<\/div>\n\t\t\t\n\t\t<\/div>\n\t\t\t\t\t\t<\/div>\n\t\t\t\t<\/div>\n\t\t\t\t<div class=\"elementor-element elementor-element-2e490e9 elementor-position-left elementor-vertical-align-middle elementor-mobile-position-left elementor-view-default elementor-widget elementor-widget-icon-box\" data-id=\"2e490e9\" data-element_type=\"widget\" data-widget_type=\"icon-box.default\">\n\t\t\t\t<div class=\"elementor-widget-container\">\n\t\t\t\t\t\t\t<div class=\"elementor-icon-box-wrapper\">\n\n\t\t\t\t\t\t<div class=\"elementor-icon-box-icon\">\n\t\t\t\t<span  class=\"elementor-icon\">\n\t\t\t\t<i aria-hidden=\"true\" class=\"fas fa-check-circle\"><\/i>\t\t\t\t<\/span>\n\t\t\t<\/div>\n\t\t\t\n\t\t\t\t\t\t<div class=\"elementor-icon-box-content\">\n\n\t\t\t\t\n\t\t\t\t\t\t\t\t\t<p class=\"elementor-icon-box-description\">\n\t\t\t\t\t\tPrestadores de Servi\u00e7os de\nAtivos Virtuais\t\t\t\t\t<\/p>\n\t\t\t\t\n\t\t\t<\/div>\n\t\t\t\n\t\t<\/div>\n\t\t\t\t\t\t<\/div>\n\t\t\t\t<\/div>\n\t\t\t\t<div class=\"elementor-element elementor-element-e3d8ae4 elementor-position-left elementor-vertical-align-middle elementor-mobile-position-left elementor-view-default elementor-widget elementor-widget-icon-box\" data-id=\"e3d8ae4\" data-element_type=\"widget\" data-widget_type=\"icon-box.default\">\n\t\t\t\t<div class=\"elementor-widget-container\">\n\t\t\t\t\t\t\t<div class=\"elementor-icon-box-wrapper\">\n\n\t\t\t\t\t\t<div class=\"elementor-icon-box-icon\">\n\t\t\t\t<span  class=\"elementor-icon\">\n\t\t\t\t<i aria-hidden=\"true\" class=\"fas fa-check-circle\"><\/i>\t\t\t\t<\/span>\n\t\t\t<\/div>\n\t\t\t\n\t\t\t\t\t\t<div class=\"elementor-icon-box-content\">\n\n\t\t\t\t\n\t\t\t\t\t\t\t\t\t<p class=\"elementor-icon-box-description\">\n\t\t\t\t\t\tTipos de Ativos que\nPodem ser Tokenizados\t\t\t\t\t<\/p>\n\t\t\t\t\n\t\t\t<\/div>\n\t\t\t\n\t\t<\/div>\n\t\t\t\t\t\t<\/div>\n\t\t\t\t<\/div>\n\t\t\t\t<div class=\"elementor-element elementor-element-d42cb6e elementor-position-left elementor-vertical-align-middle elementor-mobile-position-left elementor-view-default elementor-widget elementor-widget-icon-box\" data-id=\"d42cb6e\" data-element_type=\"widget\" data-widget_type=\"icon-box.default\">\n\t\t\t\t<div class=\"elementor-widget-container\">\n\t\t\t\t\t\t\t<div class=\"elementor-icon-box-wrapper\">\n\n\t\t\t\t\t\t<div class=\"elementor-icon-box-icon\">\n\t\t\t\t<span  class=\"elementor-icon\">\n\t\t\t\t<i aria-hidden=\"true\" class=\"fas fa-check-circle\"><\/i>\t\t\t\t<\/span>\n\t\t\t<\/div>\n\t\t\t\n\t\t\t\t\t\t<div class=\"elementor-icon-box-content\">\n\n\t\t\t\t\n\t\t\t\t\t\t\t\t\t<p class=\"elementor-icon-box-description\">\n\t\t\t\t\t\tCompliance para Prestadores\nde Servi\u00e7o de Ativos Virtuais -\nPSAV\u2019s\t\t\t\t\t<\/p>\n\t\t\t\t\n\t\t\t<\/div>\n\t\t\t\n\t\t<\/div>\n\t\t\t\t\t\t<\/div>\n\t\t\t\t<\/div>\n\t\t\t\t<div class=\"elementor-element elementor-element-e1e0a85 elementor-position-left elementor-vertical-align-middle elementor-mobile-position-left elementor-view-default elementor-widget elementor-widget-icon-box\" data-id=\"e1e0a85\" data-element_type=\"widget\" data-widget_type=\"icon-box.default\">\n\t\t\t\t<div class=\"elementor-widget-container\">\n\t\t\t\t\t\t\t<div class=\"elementor-icon-box-wrapper\">\n\n\t\t\t\t\t\t<div class=\"elementor-icon-box-icon\">\n\t\t\t\t<span  class=\"elementor-icon\">\n\t\t\t\t<i aria-hidden=\"true\" class=\"fas fa-check-circle\"><\/i>\t\t\t\t<\/span>\n\t\t\t<\/div>\n\t\t\t\n\t\t\t\t\t\t<div class=\"elementor-icon-box-content\">\n\n\t\t\t\t\n\t\t\t\t\t\t\t\t\t<p class=\"elementor-icon-box-description\">\n\t\t\t\t\t\tCompliance na\nTokeniza\u00e7\u00e3o de Ativos\t\t\t\t\t<\/p>\n\t\t\t\t\n\t\t\t<\/div>\n\t\t\t\n\t\t<\/div>\n\t\t\t\t\t\t<\/div>\n\t\t\t\t<\/div>\n\t\t\t\t<div class=\"elementor-element elementor-element-e683de6 elementor-position-left elementor-vertical-align-middle elementor-mobile-position-left elementor-view-default elementor-widget elementor-widget-icon-box\" data-id=\"e683de6\" data-element_type=\"widget\" data-widget_type=\"icon-box.default\">\n\t\t\t\t<div class=\"elementor-widget-container\">\n\t\t\t\t\t\t\t<div class=\"elementor-icon-box-wrapper\">\n\n\t\t\t\t\t\t<div class=\"elementor-icon-box-icon\">\n\t\t\t\t<span  class=\"elementor-icon\">\n\t\t\t\t<i aria-hidden=\"true\" class=\"fas fa-check-circle\"><\/i>\t\t\t\t<\/span>\n\t\t\t<\/div>\n\t\t\t\n\t\t\t\t\t\t<div class=\"elementor-icon-box-content\">\n\n\t\t\t\t\n\t\t\t\t\t\t\t\t\t<p class=\"elementor-icon-box-description\">\n\t\t\t\t\t\tLegisla\u00e7\u00f5es e Normas Regulat\u00f3rias Relacionadas\t\t\t\t\t<\/p>\n\t\t\t\t\n\t\t\t<\/div>\n\t\t\t\n\t\t<\/div>\n\t\t\t\t\t\t<\/div>\n\t\t\t\t<\/div>\n\t\t\t\t<\/div>\n\t\t\t\t<\/div>\n\t\t<div class=\"elementor-element elementor-element-1c3674f e-con-full elementor-hidden-desktop elementor-hidden-tablet e-flex e-con e-child\" data-id=\"1c3674f\" data-element_type=\"container\">\n\t\t\t\t<div class=\"elementor-element elementor-element-27eabcf elementor-widget elementor-widget-image\" data-id=\"27eabcf\" data-element_type=\"widget\" data-widget_type=\"image.default\">\n\t\t\t\t<div class=\"elementor-widget-container\">\n\t\t\t\t\t\t\t\t\t\t\t\t\t\t\t<img loading=\"lazy\" decoding=\"async\" width=\"751\" height=\"501\" src=\"\/wp-content\/uploads\/2025\/07\/mockup-2-1-1024x683.png\" class=\"attachment-large size-large wp-image-11476\" alt=\"\" srcset=\"\/wp-content\/uploads\/2025\/07\/mockup-2-1-1024x683.png 1024w, \/wp-content\/uploads\/2025\/07\/mockup-2-1-300x200.png 300w, \/wp-content\/uploads\/2025\/07\/mockup-2-1-768x512.png 768w, \/wp-content\/uploads\/2025\/07\/mockup-2-1-1536x1024.png 1536w, \/wp-content\/uploads\/2025\/07\/mockup-2-1-2048x1366.png 2048w\" sizes=\"(max-width: 751px) 100vw, 751px\" \/>\t\t\t\t\t\t\t\t\t\t\t\t\t\t\t<\/div>\n\t\t\t\t<\/div>\n\t\t\t\t<\/div>\n\t\t\t\t\t<\/div>\n\t\t\t\t<\/div>\n\t\t<div class=\"elementor-element elementor-element-5004875 e-flex e-con-boxed e-con e-parent\" data-id=\"5004875\" data-element_type=\"container\" data-settings=\"{&quot;background_background&quot;:&quot;classic&quot;}\">\n\t\t\t\t\t<div class=\"e-con-inner\">\n\t\t\t\t<div class=\"elementor-element elementor-element-40ff211 elementor-absolute elementor-widget elementor-widget-image\" data-id=\"40ff211\" data-element_type=\"widget\" data-settings=\"{&quot;_position&quot;:&quot;absolute&quot;}\" data-widget_type=\"image.default\">\n\t\t\t\t<div class=\"elementor-widget-container\">\n\t\t\t\t\t\t\t\t\t\t\t\t\t\t\t<img loading=\"lazy\" decoding=\"async\" width=\"494\" height=\"365\" src=\"\/wp-content\/uploads\/2025\/07\/Object-3-e1753984103689.png\" class=\"attachment-large size-large wp-image-11541\" alt=\"\" srcset=\"\/wp-content\/uploads\/2025\/07\/Object-3-e1753984103689.png 494w, \/wp-content\/uploads\/2025\/07\/Object-3-e1753984103689-300x222.png 300w\" sizes=\"(max-width: 494px) 100vw, 494px\" \/>\t\t\t\t\t\t\t\t\t\t\t\t\t\t\t<\/div>\n\t\t\t\t<\/div>\n\t\t\t\t<div class=\"elementor-element elementor-element-a130cb7 elementor-widget elementor-widget-html\" data-id=\"a130cb7\" data-element_type=\"widget\" data-widget_type=\"html.default\">\n\t\t\t\t<div class=\"elementor-widget-container\">\n\t\t\t\t\t<script>\ndocument.addEventListener('wpcf7mailsent', function(event) {\n  window.location.href = '\/fcm-law-obrigado-ebook\/';\n}, false);\n<\/script>\t\t\t\t<\/div>\n\t\t\t\t<\/div>\n\t\t<div class=\"elementor-element elementor-element-ce5a932 e-con-full e-flex e-con e-child\" data-id=\"ce5a932\" data-element_type=\"container\">\n\t\t\t\t<div class=\"elementor-element elementor-element-1ab1945 elementor-widget elementor-widget-heading\" data-id=\"1ab1945\" data-element_type=\"widget\" data-widget_type=\"heading.default\">\n\t\t\t\t<div class=\"elementor-widget-container\">\n\t\t\t\t\t<h2 class=\"elementor-heading-title elementor-size-default\">Inscreva-se agora e garanta o seu e-book gratuito!<\/h2>\t\t\t\t<\/div>\n\t\t\t\t<\/div>\n\t\t\t\t<\/div>\n\t\t<div class=\"elementor-element elementor-element-5976b58 e-con-full e-flex e-con e-child\" data-id=\"5976b58\" data-element_type=\"container\">\n\t\t\t\t<div class=\"elementor-element elementor-element-0111ee2 elementor-widget elementor-widget-shortcode\" data-id=\"0111ee2\" data-element_type=\"widget\" data-widget_type=\"shortcode.default\">\n\t\t\t\t<div class=\"elementor-widget-container\">\n\t\t\t\t\t\t\t<div class=\"elementor-shortcode\">\n<div class=\"wpcf7 no-js\" id=\"wpcf7-f11517-o1\" lang=\"pt-BR\" dir=\"ltr\" data-wpcf7-id=\"11517\">\n<div class=\"screen-reader-response\"><p role=\"status\" aria-live=\"polite\" aria-atomic=\"true\"><\/p> <ul><\/ul><\/div>\n<form action=\"\/en\/wp-json\/wp\/v2\/pages\/11471#wpcf7-f11517-o1\" method=\"post\" class=\"wpcf7-form init\" aria-label=\"Formul\u00e1rios de contato\" novalidate=\"novalidate\" data-status=\"init\" data-trp-original-action=\"\/en\/wp-json\/wp\/v2\/pages\/11471#wpcf7-f11517-o1\">\n<div style=\"display: none;\">\n<input type=\"hidden\" name=\"_wpcf7\" value=\"11517\" \/>\n<input type=\"hidden\" name=\"_wpcf7_version\" value=\"6.0.6\" \/>\n<input type=\"hidden\" name=\"_wpcf7_locale\" value=\"pt_BR\" \/>\n<input type=\"hidden\" name=\"_wpcf7_unit_tag\" value=\"wpcf7-f11517-o1\" \/>\n<input type=\"hidden\" name=\"_wpcf7_container_post\" value=\"0\" \/>\n<input type=\"hidden\" name=\"_wpcf7_posted_data_hash\" value=\"\" \/>\n<input type=\"hidden\" name=\"_wpcf7_recaptcha_response\" value=\"\" \/>\n<\/div>\n<label><span class=\"wpcf7-form-control-wrap\" data-name=\"nome\"><input size=\"40\" maxlength=\"400\" class=\"wpcf7-form-control wpcf7-text wpcf7-validates-as-required\" autocomplete=\"nome\" aria-required=\"true\" aria-invalid=\"false\" placeholder=\"Digite seu nome\" value=\"\" type=\"text\" name=\"nome\" \/><\/span><\/label>\n<label><span class=\"wpcf7-form-control-wrap\" data-name=\"email\"><input size=\"40\" maxlength=\"400\" class=\"wpcf7-form-control wpcf7-email wpcf7-validates-as-required wpcf7-text wpcf7-validates-as-email\" autocomplete=\"email\" aria-required=\"true\" aria-invalid=\"false\" placeholder=\"Digite seu e-mail\" value=\"\" type=\"email\" name=\"email\" \/><\/span><\/label>\n<label><span class=\"wpcf7-form-control-wrap\" data-name=\"telefone\"><input size=\"40\" maxlength=\"400\" class=\"wpcf7-form-control wpcf7-tel wpcf7-validates-as-required wpcf7-text wpcf7-validates-as-tel\" autocomplete=\"tel\" aria-required=\"true\" aria-invalid=\"false\" placeholder=\"Digite seu telefone\" value=\"\" type=\"tel\" name=\"telefone\" \/><\/span><\/label>\n<span class=\"wpcf7-form-control-wrap\" data-name=\"politica-privacidade\"><span class=\"wpcf7-form-control wpcf7-acceptance\"><span class=\"wpcf7-list-item\"><label><input type=\"checkbox\" name=\"politica-privacidade\" value=\"1\" aria-invalid=\"false\" \/><span class=\"wpcf7-list-item-label\">Li e concordo com a Pol\u00edtica de Privacidade e os Termos de Uso<\/span><\/label><\/span><\/span><\/span>\n<input class=\"wpcf7-form-control wpcf7-submit has-spinner\" type=\"submit\" value=\"Receber e-book\" \/>\n<style>\ninput[type=\"checkbox\"] {\n    display: inline-block !important;\n    visibility: visible !important;\n    width: 15px;\n    height: 15px;\n    opacity: 1 !important;\n}\nspan.wpcf7-form-control.wpcf7-acceptance {\n    display: block;\n    padding: 10px 0px 0px 0px;\n    margin-bottom: 10px;\n}\n<\/style><div class=\"wpcf7-response-output\" aria-hidden=\"true\"><\/div>\n<input type=\"hidden\" name=\"trp-form-language\" value=\"en\"\/><\/form>\n<\/div>\n<\/div>\n\t\t\t\t\t\t<\/div>\n\t\t\t\t<\/div>\n\t\t\t\t<\/div>\n\t\t\t\t\t<\/div>\n\t\t\t\t<\/div>\n\t\t\t\t<\/div>","protected":false},"excerpt":{"rendered":"<p>LAN\u00c7AMENTO Saiba como a Regula\u00e7\u00e3o Brasileira est\u00e1 transformando o Mercado de Criptoativos E-book Guia B\u00e1sico de Criptoativos no Brasil: Aspectos Negociais Jur\u00eddicos e Regulat\u00f3rios ELABORADO POR Gabriel Lobato Advogado especialista em Compliance &amp; Crypto no FCM Law REVISADO POR Fabio Cend\u00e3o S\u00f3cio fundador do FCM Law e da Legalhack ELABORADO POR Gabriel Lobato Advogado especialista&#8230;<\/p>","protected":false},"author":1,"featured_media":0,"parent":0,"menu_order":0,"comment_status":"closed","ping_status":"closed","template":"template-builder.php","meta":{"footnotes":""},"class_list":["post-11471","page","type-page","status-publish","hentry"],"_links":{"self":[{"href":"https:\/\/fcm.law\/en\/wp-json\/wp\/v2\/pages\/11471","targetHints":{"allow":["GET"]}}],"collection":[{"href":"https:\/\/fcm.law\/en\/wp-json\/wp\/v2\/pages"}],"about":[{"href":"https:\/\/fcm.law\/en\/wp-json\/wp\/v2\/types\/page"}],"author":[{"embeddable":true,"href":"https:\/\/fcm.law\/en\/wp-json\/wp\/v2\/users\/1"}],"replies":[{"embeddable":true,"href":"https:\/\/fcm.law\/en\/wp-json\/wp\/v2\/comments?post=11471"}],"version-history":[{"count":166,"href":"https:\/\/fcm.law\/en\/wp-json\/wp\/v2\/pages\/11471\/revisions"}],"predecessor-version":[{"id":11876,"href":"https:\/\/fcm.law\/en\/wp-json\/wp\/v2\/pages\/11471\/revisions\/11876"}],"wp:attachment":[{"href":"https:\/\/fcm.law\/en\/wp-json\/wp\/v2\/media?parent=11471"}],"curies":[{"name":"wp","href":"https:\/\/api.w.org\/{rel}","templated":true}]}}